{"id":74,"date":"2017-03-03T08:21:01","date_gmt":"2017-03-03T08:21:01","guid":{"rendered":"http:\/\/www.athenadesignstudio.com\/themes\/royal-wp\/?page_id=74"},"modified":"2025-05-28T15:58:06","modified_gmt":"2025-05-28T13:58:06","slug":"contact","status":"publish","type":"page","link":"https:\/\/aida-acoustique.com\/index.php\/contact\/","title":{"rendered":"FAISONS CONNAISSANCE"},"content":{"rendered":"[vc_row][vc_column][vc_empty_space height=&#8221;20px&#8221;][vc_column_text]\n<h2 style=\"text-align: center;\"><span style=\"color: #295d4d;\">Faisons connaissance<\/span><\/h2>\n[\/vc_column_text][vc_empty_space height=&#8221;30px&#8221;][vc_column_text]\n<p style=\"text-align: justify;\"><span style=\"color: #295d4d;\">Vous \u00eates Architecte, Ing\u00e9nieur, Ma\u00eetre d\u2019Ouvrage, Constructeur, Promoteur, Fabriquant de mat\u00e9riaux\u2026 ?<\/span><\/p>\n<p style=\"text-align: left;\"><span style=\"color: #295d4d;\">Nous sommes \u00e0 votre \u00e9coute, contactez-nous :<\/span><\/p>\n[\/vc_column_text][vc_empty_space height=&#8221;20px&#8221;][vc_separator color=&#8221;custom&#8221; accent_color=&#8221;#295d4d&#8221;][vc_empty_space height=&#8221;10px&#8221;][\/vc_column][\/vc_row][vc_row el_class=&#8221;contact-form-area&#8221;][vc_column offset=&#8221;vc_hidden-sm vc_hidden-xs&#8221;][vc_row_inner content_placement=&#8221;middle&#8221; gap=&#8221;10&#8243;][vc_column_inner width=&#8221;2\/5&#8243;][vc_column_text]\n<p style=\"text-align: left;\"><span style=\"color: #295d4d;\"><img loading=\"lazy\" decoding=\"async\" class=\"alignnone size-full wp-image-1212\" src=\"http:\/\/aida-acoustique.com\/wp-content\/uploads\/2019\/10\/picto_map_aida.png\" alt=\"\" width=\"37\" height=\"37\" \/><span style=\"font-size: 11pt;\">12 rue Saint Bernard &#8211; 75011 Paris<br \/>\n24 rue de Keruster &#8211; 29360 Clohars-Carno\u00ebt<br \/>\n<\/span><\/span><\/p>\n[\/vc_column_text][\/vc_column_inner][vc_column_inner width=&#8221;1\/4&#8243;][vc_column_text]\n<p style=\"text-align: center;\"><span style=\"color: #295d4d;\"><img loading=\"lazy\" decoding=\"async\" class=\"alignnone size-full wp-image-1213\" src=\"http:\/\/aida-acoustique.com\/wp-content\/uploads\/2019\/10\/picto_phone_aida.png\" alt=\"\" width=\"37\" height=\"37\" \/> <span style=\"font-size: 11pt;\">+33 9 78 80 07 37<\/span><\/span><\/p>\n[\/vc_column_text][vc_column_text]<span style=\"color: #ffffff;\">.<\/span><br \/>\n<span style=\"color: #ffffff;\">.<\/span>[\/vc_column_text][\/vc_column_inner][vc_column_inner width=&#8221;1\/3&#8243;][vc_column_text]\n<p style=\"text-align: right;\"><span style=\"color: #295d4d;\"><img loading=\"lazy\" decoding=\"async\" class=\"alignnone size-full wp-image-1211\" src=\"http:\/\/aida-acoustique.com\/wp-content\/uploads\/2019\/10\/picto_mail_aida.png\" alt=\"\" width=\"37\" height=\"37\" \/><span style=\"font-size: 11pt;\">\u00a0<a href=\"mailto:contact@aida-acoustique.com\" target=\"_blank\" rel=\"noopener noreferrer\">contact@aida-acoustique.com<\/a><\/span><\/span><\/p>\n[\/vc_column_text][vc_column_text]\n<p style=\"text-align: left;\"><span style=\"font-size: 12pt; color: #ffffff;\">.<br \/>\n.<\/span>[\/vc_column_text][\/vc_column_inner][\/vc_row_inner][vc_empty_space height=&#8221;40px&#8221;][\/vc_column][\/vc_row][vc_row el_class=&#8221;contact-form-area&#8221;][vc_column offset=&#8221;vc_hidden-lg vc_hidden-md&#8221;][vc_row_inner content_placement=&#8221;middle&#8221; gap=&#8221;10&#8243;][vc_column_inner][vc_column_text]\n<p style=\"text-align: left;\"><span style=\"color: #295d4d; font-size: 10pt;\"><img loading=\"lazy\" decoding=\"async\" class=\"alignnone wp-image-1212\" src=\"http:\/\/aida-acoustique.com\/wp-content\/uploads\/2019\/10\/picto_map_aida.png\" alt=\"\" width=\"25\" height=\"25\" \/> 12 rue Saint Bernard &#8211; 75011 Paris<\/span><\/p>\n[\/vc_column_text][vc_column_text]\n<p style=\"text-align: left;\"><span style=\"color: #295d4d; font-size: 10pt;\"><img loading=\"lazy\" decoding=\"async\" class=\"alignnone wp-image-1212\" src=\"http:\/\/aida-acoustique.com\/wp-content\/uploads\/2019\/10\/picto_map_aida.png\" alt=\"\" width=\"25\" height=\"25\" \/> 24 rue de Keruster &#8211; 29360 Clohars-Carno\u00ebt<\/span><\/p>\n[\/vc_column_text][\/vc_column_inner][\/vc_row_inner][vc_column_text]\n<p style=\"text-align: left;\"><span style=\"color: #295d4d;\"><span style=\"font-size: 10pt;\"><img loading=\"lazy\" decoding=\"async\" class=\"wp-image-1213 alignnone\" src=\"http:\/\/aida-acoustique.com\/wp-content\/uploads\/2019\/10\/picto_phone_aida.png\" alt=\"\" width=\"25\" height=\"25\" \/><span style=\"font-size: 10pt;\">+33 9 78 80 07 37<\/span><\/span><\/span><\/p>\n[\/vc_column_text][vc_column_text]\n<p style=\"text-align: left;\"><span style=\"color: #295d4d;\"><span style=\"font-size: 10pt;\"><a href=\"mailto:contact@aida-acoustique.com\" target=\"_blank\" rel=\"noopener noreferrer\"><img loading=\"lazy\" decoding=\"async\" class=\"alignnone wp-image-1211\" src=\"http:\/\/aida-acoustique.com\/wp-content\/uploads\/2019\/10\/picto_mail_aida.png\" alt=\"\" width=\"25\" height=\"25\" \/><\/a><a href=\"mailto:contact@aida-acoustique.com\" target=\"_blank\" rel=\"noopener noreferrer\">contact@aida-acoustique.com<\/a><\/span><\/span><\/p>\n[\/vc_column_text][\/vc_column][\/vc_row]\n","protected":false},"excerpt":{"rendered":"<p>[vc_row][vc_column][vc_empty_space height=&#8221;20px&#8221;][vc_column_text] Faisons connaissance [\/vc_column_text][vc_empty_space height=&#8221;30px&#8221;][vc_column_text] Vous \u00eates Architecte, Ing\u00e9nieur, Ma\u00eetre d\u2019Ouvrage, Constructeur, Promoteur, Fabriquant de mat\u00e9riaux\u2026 ? Nous sommes \u00e0 votre \u00e9coute, contactez-nous : [\/vc_column_text][vc_empty_space height=&#8221;20px&#8221;][vc_separator color=&#8221;custom&#8221; accent_color=&#8221;#295d4d&#8221;][vc_empty_space height=&#8221;10px&#8221;][\/vc_column][\/vc_row][vc_row el_class=&#8221;contact-form-area&#8221;][vc_column offset=&#8221;vc_hidden-sm vc_hidden-xs&#8221;][vc_row_inner content_placement=&#8221;middle&#8221; gap=&#8221;10&#8243;][vc_column_inner width=&#8221;2\/5&#8243;][vc_column_text] 12 rue Saint Bernard &#8211; 75011 Paris 24 rue de Keruster &#8211; 29360 Clohars-Carno\u00ebt [\/vc_column_text][\/vc_column_inner][vc_column_inner width=&#8221;1\/4&#8243;][vc_column_text] +33 9 78 80 07 37 [\/vc_column_text][vc_column_text]. .[\/vc_column_text][\/vc_column_inner][vc_column_inner width=&#8221;1\/3&#8243;][vc_column_text] \u00a0contact@aida-acoustique.com [\/vc_column_text][vc_column_text] . .[\/vc_column_text][\/vc_column_inner][\/vc_row_inner][vc_empty_space height=&#8221;40px&#8221;][\/vc_column][\/vc_row][vc_row el_class=&#8221;contact-form-area&#8221;][vc_column offset=&#8221;vc_hidden-lg vc_hidden-md&#8221;][vc_row_inner content_placement=&#8221;middle&#8221; gap=&#8221;10&#8243;][vc_column_inner][vc_column_text] 12 rue Saint Bernard [&hellip;]<\/p>\n","protected":false},"author":1,"featured_media":0,"parent":0,"menu_order":0,"comment_status":"closed","ping_status":"closed","template":"","meta":{"_uf_show_specific_survey":0,"_uf_disable_surveys":false,"footnotes":""},"class_list":["post-74","page","type-page","status-publish","hentry"],"yoast_head":"<!-- This site is optimized with the Yoast SEO plugin v27.3 - https:\/\/yoast.com\/product\/yoast-seo-wordpress\/ -->\n<title>FAISONS CONNAISSANCE - A\u00efda<\/title>\n<meta name=\"robots\" content=\"index, follow, max-snippet:-1, max-image-preview:large, max-video-preview:-1\" \/>\n<link rel=\"canonical\" href=\"https:\/\/aida-acoustique.com\/index.php\/contact\/\" \/>\n<meta property=\"og:locale\" content=\"fr_FR\" \/>\n<meta property=\"og:type\" content=\"article\" \/>\n<meta property=\"og:title\" content=\"FAISONS CONNAISSANCE - A\u00efda\" \/>\n<meta property=\"og:description\" content=\"[vc_row][vc_column][vc_empty_space height=&#8221;20px&#8221;][vc_column_text] Faisons connaissance [\/vc_column_text][vc_empty_space height=&#8221;30px&#8221;][vc_column_text] Vous \u00eates Architecte, Ing\u00e9nieur, Ma\u00eetre d\u2019Ouvrage, Constructeur, Promoteur, Fabriquant de mat\u00e9riaux\u2026 ? Nous sommes \u00e0 votre \u00e9coute, contactez-nous : [\/vc_column_text][vc_empty_space height=&#8221;20px&#8221;][vc_separator color=&#8221;custom&#8221; accent_color=&#8221;#295d4d&#8221;][vc_empty_space height=&#8221;10px&#8221;][\/vc_column][\/vc_row][vc_row el_class=&#8221;contact-form-area&#8221;][vc_column offset=&#8221;vc_hidden-sm vc_hidden-xs&#8221;][vc_row_inner content_placement=&#8221;middle&#8221; gap=&#8221;10&#8243;][vc_column_inner width=&#8221;2\/5&#8243;][vc_column_text] 12 rue Saint Bernard &#8211; 75011 Paris 24 rue de Keruster &#8211; 29360 Clohars-Carno\u00ebt [\/vc_column_text][\/vc_column_inner][vc_column_inner width=&#8221;1\/4&#8243;][vc_column_text] +33 9 78 80 07 37 [\/vc_column_text][vc_column_text]. .[\/vc_column_text][\/vc_column_inner][vc_column_inner width=&#8221;1\/3&#8243;][vc_column_text] \u00a0contact@aida-acoustique.com [\/vc_column_text][vc_column_text] . .[\/vc_column_text][\/vc_column_inner][\/vc_row_inner][vc_empty_space height=&#8221;40px&#8221;][\/vc_column][\/vc_row][vc_row el_class=&#8221;contact-form-area&#8221;][vc_column offset=&#8221;vc_hidden-lg vc_hidden-md&#8221;][vc_row_inner content_placement=&#8221;middle&#8221; gap=&#8221;10&#8243;][vc_column_inner][vc_column_text] 12 rue Saint Bernard [&hellip;]\" \/>\n<meta property=\"og:url\" content=\"https:\/\/aida-acoustique.com\/index.php\/contact\/\" \/>\n<meta property=\"og:site_name\" content=\"A\u00efda\" \/>\n<meta property=\"article:publisher\" content=\"https:\/\/www.facebook.com\/acoustiqueaida\/\" \/>\n<meta property=\"article:modified_time\" content=\"2025-05-28T13:58:06+00:00\" \/>\n<meta property=\"og:image\" content=\"https:\/\/aida-acoustique.com\/wp-content\/uploads\/2019\/10\/picto_map_aida.png\" \/>\n\t<meta property=\"og:image:width\" content=\"37\" \/>\n\t<meta property=\"og:image:height\" content=\"37\" \/>\n\t<meta property=\"og:image:type\" content=\"image\/png\" \/>\n<meta name=\"twitter:card\" content=\"summary_large_image\" \/>\n<meta name=\"twitter:label1\" content=\"Dur\u00e9e de lecture estim\u00e9e\" \/>\n\t<meta name=\"twitter:data1\" content=\"2 minutes\" \/>\n<script type=\"application\/ld+json\" class=\"yoast-schema-graph\">{\"@context\":\"https:\\\/\\\/schema.org\",\"@graph\":[{\"@type\":\"WebPage\",\"@id\":\"https:\\\/\\\/aida-acoustique.com\\\/index.php\\\/contact\\\/\",\"url\":\"https:\\\/\\\/aida-acoustique.com\\\/index.php\\\/contact\\\/\",\"name\":\"FAISONS CONNAISSANCE - A\u00efda\",\"isPartOf\":{\"@id\":\"https:\\\/\\\/aida-acoustique.com\\\/#website\"},\"primaryImageOfPage\":{\"@id\":\"https:\\\/\\\/aida-acoustique.com\\\/index.php\\\/contact\\\/#primaryimage\"},\"image\":{\"@id\":\"https:\\\/\\\/aida-acoustique.com\\\/index.php\\\/contact\\\/#primaryimage\"},\"thumbnailUrl\":\"http:\\\/\\\/aida-acoustique.com\\\/wp-content\\\/uploads\\\/2019\\\/10\\\/picto_map_aida.png\",\"datePublished\":\"2017-03-03T08:21:01+00:00\",\"dateModified\":\"2025-05-28T13:58:06+00:00\",\"breadcrumb\":{\"@id\":\"https:\\\/\\\/aida-acoustique.com\\\/index.php\\\/contact\\\/#breadcrumb\"},\"inLanguage\":\"fr-FR\",\"potentialAction\":[{\"@type\":\"ReadAction\",\"target\":[\"https:\\\/\\\/aida-acoustique.com\\\/index.php\\\/contact\\\/\"]}]},{\"@type\":\"ImageObject\",\"inLanguage\":\"fr-FR\",\"@id\":\"https:\\\/\\\/aida-acoustique.com\\\/index.php\\\/contact\\\/#primaryimage\",\"url\":\"https:\\\/\\\/aida-acoustique.com\\\/wp-content\\\/uploads\\\/2019\\\/10\\\/picto_map_aida.png\",\"contentUrl\":\"https:\\\/\\\/aida-acoustique.com\\\/wp-content\\\/uploads\\\/2019\\\/10\\\/picto_map_aida.png\",\"width\":37,\"height\":37},{\"@type\":\"BreadcrumbList\",\"@id\":\"https:\\\/\\\/aida-acoustique.com\\\/index.php\\\/contact\\\/#breadcrumb\",\"itemListElement\":[{\"@type\":\"ListItem\",\"position\":1,\"name\":\"Accueil\",\"item\":\"https:\\\/\\\/aida-acoustique.com\\\/\"},{\"@type\":\"ListItem\",\"position\":2,\"name\":\"FAISONS CONNAISSANCE\"}]},{\"@type\":\"WebSite\",\"@id\":\"https:\\\/\\\/aida-acoustique.com\\\/#website\",\"url\":\"https:\\\/\\\/aida-acoustique.com\\\/\",\"name\":\"A\u00efda\",\"description\":\"Atelier Ind\u00e9pendant D&#039;Acoustique\",\"publisher\":{\"@id\":\"https:\\\/\\\/aida-acoustique.com\\\/#organization\"},\"potentialAction\":[{\"@type\":\"SearchAction\",\"target\":{\"@type\":\"EntryPoint\",\"urlTemplate\":\"https:\\\/\\\/aida-acoustique.com\\\/?s={search_term_string}\"},\"query-input\":{\"@type\":\"PropertyValueSpecification\",\"valueRequired\":true,\"valueName\":\"search_term_string\"}}],\"inLanguage\":\"fr-FR\"},{\"@type\":\"Organization\",\"@id\":\"https:\\\/\\\/aida-acoustique.com\\\/#organization\",\"name\":\"A\u00efda\",\"url\":\"https:\\\/\\\/aida-acoustique.com\\\/\",\"logo\":{\"@type\":\"ImageObject\",\"inLanguage\":\"fr-FR\",\"@id\":\"https:\\\/\\\/aida-acoustique.com\\\/#\\\/schema\\\/logo\\\/image\\\/\",\"url\":\"https:\\\/\\\/aida-acoustique.com\\\/wp-content\\\/uploads\\\/2023\\\/08\\\/aida-icon.png\",\"contentUrl\":\"https:\\\/\\\/aida-acoustique.com\\\/wp-content\\\/uploads\\\/2023\\\/08\\\/aida-icon.png\",\"width\":1536,\"height\":1536,\"caption\":\"A\u00efda\"},\"image\":{\"@id\":\"https:\\\/\\\/aida-acoustique.com\\\/#\\\/schema\\\/logo\\\/image\\\/\"},\"sameAs\":[\"https:\\\/\\\/www.facebook.com\\\/acoustiqueaida\\\/\",\"https:\\\/\\\/www.linkedin.com\\\/company\\\/aida-acoustique\\\/?viewAsMember=true\"]}]}<\/script>\n<!-- \/ Yoast SEO plugin. -->","yoast_head_json":{"title":"FAISONS CONNAISSANCE - A\u00efda","robots":{"index":"index","follow":"follow","max-snippet":"max-snippet:-1","max-image-preview":"max-image-preview:large","max-video-preview":"max-video-preview:-1"},"canonical":"https:\/\/aida-acoustique.com\/index.php\/contact\/","og_locale":"fr_FR","og_type":"article","og_title":"FAISONS CONNAISSANCE - A\u00efda","og_description":"[vc_row][vc_column][vc_empty_space height=&#8221;20px&#8221;][vc_column_text] Faisons connaissance [\/vc_column_text][vc_empty_space height=&#8221;30px&#8221;][vc_column_text] Vous \u00eates Architecte, Ing\u00e9nieur, Ma\u00eetre d\u2019Ouvrage, Constructeur, Promoteur, Fabriquant de mat\u00e9riaux\u2026 ? Nous sommes \u00e0 votre \u00e9coute, contactez-nous : [\/vc_column_text][vc_empty_space height=&#8221;20px&#8221;][vc_separator color=&#8221;custom&#8221; accent_color=&#8221;#295d4d&#8221;][vc_empty_space height=&#8221;10px&#8221;][\/vc_column][\/vc_row][vc_row el_class=&#8221;contact-form-area&#8221;][vc_column offset=&#8221;vc_hidden-sm vc_hidden-xs&#8221;][vc_row_inner content_placement=&#8221;middle&#8221; gap=&#8221;10&#8243;][vc_column_inner width=&#8221;2\/5&#8243;][vc_column_text] 12 rue Saint Bernard &#8211; 75011 Paris 24 rue de Keruster &#8211; 29360 Clohars-Carno\u00ebt [\/vc_column_text][\/vc_column_inner][vc_column_inner width=&#8221;1\/4&#8243;][vc_column_text] +33 9 78 80 07 37 [\/vc_column_text][vc_column_text]. .[\/vc_column_text][\/vc_column_inner][vc_column_inner width=&#8221;1\/3&#8243;][vc_column_text] \u00a0contact@aida-acoustique.com [\/vc_column_text][vc_column_text] . .[\/vc_column_text][\/vc_column_inner][\/vc_row_inner][vc_empty_space height=&#8221;40px&#8221;][\/vc_column][\/vc_row][vc_row el_class=&#8221;contact-form-area&#8221;][vc_column offset=&#8221;vc_hidden-lg vc_hidden-md&#8221;][vc_row_inner content_placement=&#8221;middle&#8221; gap=&#8221;10&#8243;][vc_column_inner][vc_column_text] 12 rue Saint Bernard [&hellip;]","og_url":"https:\/\/aida-acoustique.com\/index.php\/contact\/","og_site_name":"A\u00efda","article_publisher":"https:\/\/www.facebook.com\/acoustiqueaida\/","article_modified_time":"2025-05-28T13:58:06+00:00","og_image":[{"width":37,"height":37,"url":"https:\/\/aida-acoustique.com\/wp-content\/uploads\/2019\/10\/picto_map_aida.png","type":"image\/png"}],"twitter_card":"summary_large_image","twitter_misc":{"Dur\u00e9e de lecture estim\u00e9e":"2 minutes"},"schema":{"@context":"https:\/\/schema.org","@graph":[{"@type":"WebPage","@id":"https:\/\/aida-acoustique.com\/index.php\/contact\/","url":"https:\/\/aida-acoustique.com\/index.php\/contact\/","name":"FAISONS CONNAISSANCE - A\u00efda","isPartOf":{"@id":"https:\/\/aida-acoustique.com\/#website"},"primaryImageOfPage":{"@id":"https:\/\/aida-acoustique.com\/index.php\/contact\/#primaryimage"},"image":{"@id":"https:\/\/aida-acoustique.com\/index.php\/contact\/#primaryimage"},"thumbnailUrl":"http:\/\/aida-acoustique.com\/wp-content\/uploads\/2019\/10\/picto_map_aida.png","datePublished":"2017-03-03T08:21:01+00:00","dateModified":"2025-05-28T13:58:06+00:00","breadcrumb":{"@id":"https:\/\/aida-acoustique.com\/index.php\/contact\/#breadcrumb"},"inLanguage":"fr-FR","potentialAction":[{"@type":"ReadAction","target":["https:\/\/aida-acoustique.com\/index.php\/contact\/"]}]},{"@type":"ImageObject","inLanguage":"fr-FR","@id":"https:\/\/aida-acoustique.com\/index.php\/contact\/#primaryimage","url":"https:\/\/aida-acoustique.com\/wp-content\/uploads\/2019\/10\/picto_map_aida.png","contentUrl":"https:\/\/aida-acoustique.com\/wp-content\/uploads\/2019\/10\/picto_map_aida.png","width":37,"height":37},{"@type":"BreadcrumbList","@id":"https:\/\/aida-acoustique.com\/index.php\/contact\/#breadcrumb","itemListElement":[{"@type":"ListItem","position":1,"name":"Accueil","item":"https:\/\/aida-acoustique.com\/"},{"@type":"ListItem","position":2,"name":"FAISONS CONNAISSANCE"}]},{"@type":"WebSite","@id":"https:\/\/aida-acoustique.com\/#website","url":"https:\/\/aida-acoustique.com\/","name":"A\u00efda","description":"Atelier Ind\u00e9pendant D&#039;Acoustique","publisher":{"@id":"https:\/\/aida-acoustique.com\/#organization"},"potentialAction":[{"@type":"SearchAction","target":{"@type":"EntryPoint","urlTemplate":"https:\/\/aida-acoustique.com\/?s={search_term_string}"},"query-input":{"@type":"PropertyValueSpecification","valueRequired":true,"valueName":"search_term_string"}}],"inLanguage":"fr-FR"},{"@type":"Organization","@id":"https:\/\/aida-acoustique.com\/#organization","name":"A\u00efda","url":"https:\/\/aida-acoustique.com\/","logo":{"@type":"ImageObject","inLanguage":"fr-FR","@id":"https:\/\/aida-acoustique.com\/#\/schema\/logo\/image\/","url":"https:\/\/aida-acoustique.com\/wp-content\/uploads\/2023\/08\/aida-icon.png","contentUrl":"https:\/\/aida-acoustique.com\/wp-content\/uploads\/2023\/08\/aida-icon.png","width":1536,"height":1536,"caption":"A\u00efda"},"image":{"@id":"https:\/\/aida-acoustique.com\/#\/schema\/logo\/image\/"},"sameAs":["https:\/\/www.facebook.com\/acoustiqueaida\/","https:\/\/www.linkedin.com\/company\/aida-acoustique\/?viewAsMember=true"]}]}},"_links":{"self":[{"href":"https:\/\/aida-acoustique.com\/index.php\/wp-json\/wp\/v2\/pages\/74","targetHints":{"allow":["GET"]}}],"collection":[{"href":"https:\/\/aida-acoustique.com\/index.php\/wp-json\/wp\/v2\/pages"}],"about":[{"href":"https:\/\/aida-acoustique.com\/index.php\/wp-json\/wp\/v2\/types\/page"}],"author":[{"embeddable":true,"href":"https:\/\/aida-acoustique.com\/index.php\/wp-json\/wp\/v2\/users\/1"}],"replies":[{"embeddable":true,"href":"https:\/\/aida-acoustique.com\/index.php\/wp-json\/wp\/v2\/comments?post=74"}],"version-history":[{"count":19,"href":"https:\/\/aida-acoustique.com\/index.php\/wp-json\/wp\/v2\/pages\/74\/revisions"}],"predecessor-version":[{"id":2167,"href":"https:\/\/aida-acoustique.com\/index.php\/wp-json\/wp\/v2\/pages\/74\/revisions\/2167"}],"wp:attachment":[{"href":"https:\/\/aida-acoustique.com\/index.php\/wp-json\/wp\/v2\/media?parent=74"}],"curies":[{"name":"wp","href":"https:\/\/api.w.org\/{rel}","templated":true}]}}